{"id":5360,"date":"2026-03-05T12:05:08","date_gmt":"2026-03-05T17:05:08","guid":{"rendered":"https:\/\/wordpress-403092-6208938.cloudwaysapps.com\/?page_id=5360"},"modified":"2026-03-06T05:45:39","modified_gmt":"2026-03-06T10:45:39","slug":"projet-sdi","status":"publish","type":"page","link":"https:\/\/bridge2gether.ca\/fr\/about\/sdi-project\/","title":{"rendered":"Projet SDI"},"content":{"rendered":"<section class=\"py-flex py-gap py-section py-background-color-1\" style=\"--py-gap-value:var(--py-section-gap)\">\n<div class=\"py-container py-flex py-gap\" style=\"--py-gap-value:var(--py-container-gap)\">\n<div class=\"py-flex py-gap\" style=\"--py-gap-value:var(--py-content-gap);--py-align-items:center\">\n<h1 class=\"py-text  fade-up\" style=\"--py-text-color:white;--py-font-size:var(--py-h1-s);--py-text-align:center\">Projet SDI<\/h1>\n\n\n\n<p class=\"py-text  fade-up\" style=\"--py-text-color:white;--py-text-align:center;--py-max-width:672px\">Renforcer la collaboration, le partage des connaissances et la coordination pour de meilleurs r\u00e9sultats en mati\u00e8re de settlement.<\/p>\n<\/div>\n<\/div>\n<\/section>\n\n\n\n<section class=\"py-flex py-gap py-section py-background-color-8\" style=\"--py-gap-value:var(--py-section-gap)\">\n<div class=\"py-container py-flex py-gap\" style=\"--py-gap-value:var(--py-container-gap);--py-container-width:768px\">\n<div class=\"py-flex py-gap\" style=\"--py-gap-value:var(--py-content-gap)\">\n<h2 class=\"py-text  fade-up\" style=\"--py-font-size:var(--py-h2-s)\">Notre mission<\/h2>\n\n\n\n<p class=\"py-text  fade-up\" style=\"--py-font-size:1.6rem\">Bridge Together est un projet d'am\u00e9lioration de la prestation de services (IPS) financ\u00e9 par l'IRCC, qui vise \u00e0 renforcer la collaboration, le partage des connaissances et la coordination entre les fournisseurs de services d'\u00e9tablissement et les groupes de parrainage de r\u00e9fugi\u00e9s. Les travaux du projet sont fond\u00e9s sur la conviction que, lorsque les syst\u00e8mes sont mieux connect\u00e9s, les nouveaux arrivants parrain\u00e9s re\u00e7oivent un soutien plus harmonieux, r\u00e9actif et efficace dans leur processus d'\u00e9tablissement au Canada.<br><br>Le paysage de la r\u00e9installation des r\u00e9fugi\u00e9s est complexe et implique de multiples parties prenantes, responsabilit\u00e9s et d\u00e9lais. Bridge Together esp\u00e8re combler les lacunes entre les services, les secteurs et les exp\u00e9riences v\u00e9cues afin que les nouveaux arrivants parrain\u00e9s soient soutenus d'une mani\u00e8re coordonn\u00e9e, culturellement adapt\u00e9e et bien fond\u00e9e.<\/p>\n<\/div>\n<\/div>\n<\/section>\n\n\n\n<section class=\"py-flex py-gap py-section\" style=\"--py-gap-value:var(--py-section-gap)\">\n<div class=\"py-container py-flex py-gap\" style=\"--py-gap-value:var(--py-container-gap)\">\n<div class=\"py-flex py-gap\" style=\"--py-gap-value:var(--py-content-gap);--py-align-items:center\">\n<h2 class=\"py-text  fade-up\" style=\"--py-font-size:var(--py-h2-s)\">Nos trois piliers fondamentaux<\/h2>\n<\/div>\n\n\n\n<div data-pg-name=\"Piney Grid\" class=\"py-gap py-grid  py-grid-tab-l\" style=\"--py-gap-value:var(--py-grid-gap);--py-grid-columns-tab-l:3\">\n<div class=\"wp-block-piney-py-card-3 fade-up py-card py-card-3\" style=\"background-color:hsl(var(--py-bc-3-hs),var(--py-bc-3-l),0.1)\"> <div class=\"py-card-3__line\"><\/div><div class=\"py-card-3__icon-title\"> <svg xmlns=\"http:\/\/www.w3.org\/2000\/svg\" style=\"color:var(--py-brand-color-3)\" width=\"24\" height=\"24\" viewbox=\"0 0 24 24\" fill=\"none\" stroke=\"currentColor\" stroke-width=\"2\" stroke-linecap=\"round\" stroke-linejoin=\"round\" class=\"py-card__icon\" aria-hidden=\"true\"><path xmlns=\"http:\/\/www.w3.org\/2000\/svg\" d=\"M16 21v-2a4 4 0 0 0-4-4H6a4 4 0 0 0-4 4v2\"\/><path xmlns=\"http:\/\/www.w3.org\/2000\/svg\" d=\"M16 3.128a4 4 0 0 1 0 7.744\"\/><path xmlns=\"http:\/\/www.w3.org\/2000\/svg\" d=\"M22 21v-2a4 4 0 0 0-3-3.87\"\/><circle xmlns=\"http:\/\/www.w3.org\/2000\/svg\" cx=\"9\" cy=\"7\" r=\"4\"\/><\/svg> <h3 class=\"py-card-3__heading\" style=\"color:var(--py-brand-color-3)\">Connecter<\/h3><\/div> <div data-empty-placeholder=\"\">\n<p class=\"py-text\" style=\"--py-font-size:1.4rem\">R\u00e9unir les fournisseurs de services d'\u00e9tablissement, les groupes de parrainage de r\u00e9fugi\u00e9s et les r\u00e9fugi\u00e9s par le biais d'ateliers, de tables consultatives et de s\u00e9ances d'engagement pour \u00e9tablir des relations significatives, une compr\u00e9hension mutuelle et un dialogue ouvert entre les r\u00f4les et les secteurs.<\/p>\n<\/div> <\/div>\n\n\n\n<div class=\"wp-block-piney-py-card-3 fade-up py-card py-card-3\" style=\"background-color:hsl(var(--py-bc-4-hs),var(--py-bc-4-l),0.2)\"> <div class=\"py-card-3__line\" style=\"background-color:var(--py-brand-color-4)\"><\/div><div class=\"py-card-3__icon-title\"> <svg xmlns=\"http:\/\/www.w3.org\/2000\/svg\" style=\"color:var(--py-brand-color-1)\" width=\"24\" height=\"24\" viewbox=\"0 0 24 24\" fill=\"none\" stroke=\"currentColor\" stroke-width=\"2\" stroke-linecap=\"round\" stroke-linejoin=\"round\" class=\"py-card__icon\" aria-hidden=\"true\"><path xmlns=\"http:\/\/www.w3.org\/2000\/svg\" d=\"m11 17 2 2a1 1 0 1 0 3-3\"\/><path xmlns=\"http:\/\/www.w3.org\/2000\/svg\" d=\"m14 14 2.5 2.5a1 1 0 1 0 3-3l-3.88-3.88a3 3 0 0 0-4.24 0l-.88.88a1 1 0 1 1-3-3l2.81-2.81a5.79 5.79 0 0 1 7.06-.87l.47.28a2 2 0 0 0 1.42.25L21 4\"\/><path xmlns=\"http:\/\/www.w3.org\/2000\/svg\" d=\"m21 3 1 11h-2\"\/><path xmlns=\"http:\/\/www.w3.org\/2000\/svg\" d=\"M3 3 2 14l6.5 6.5a1 1 0 1 0 3-3\"\/><path xmlns=\"http:\/\/www.w3.org\/2000\/svg\" d=\"M3 4h8\"\/><\/svg> <h3 class=\"py-card-3__heading\" style=\"color:var(--py-brand-color-1)\">Collaborer<\/h3><\/div> <div data-empty-placeholder=\"\">\n<p class=\"py-text\" style=\"--py-font-size:1.4rem\">Soutenir les partenaires en partageant des outils pratiques, des ressources et des perspectives qui am\u00e9liorent la coordination, r\u00e9duisent les doublons, rationalisent la prestation des services et renforcent les r\u00e9ponses collectives aux d\u00e9fis complexes d'\u00e9tablissement.<\/p>\n<\/div> <\/div>\n\n\n\n<div class=\"wp-block-piney-py-card-3 fade-up py-card py-card-3\" style=\"background-color:hsl(var(--py-bc-1-hs),var(--py-bc-1-l),0.1)\"> <div class=\"py-card-3__line\" style=\"background-color:var(--py-brand-color-1)\"><\/div><div class=\"py-card-3__icon-title\"> <svg xmlns=\"http:\/\/www.w3.org\/2000\/svg\" style=\"color:var(--py-brand-color-1)\" width=\"24\" height=\"24\" viewbox=\"0 0 24 24\" fill=\"none\" stroke=\"currentColor\" stroke-width=\"2\" stroke-linecap=\"round\" stroke-linejoin=\"round\" class=\"py-card__icon\" aria-hidden=\"true\"><path xmlns=\"http:\/\/www.w3.org\/2000\/svg\" d=\"M11.017 2.814a1 1 0 0 1 1.966 0l1.051 5.558a2 2 0 0 0 1.594 1.594l5.558 1.051a1 1 0 0 1 0 1.966l-5.558 1.051a2 2 0 0 0-1.594 1.594l-1.051 5.558a1 1 0 0 1-1.966 0l-1.051-5.558a2 2 0 0 0-1.594-1.594l-5.558-1.051a1 1 0 0 1 0-1.966l5.558-1.051a2 2 0 0 0 1.594-1.594z\"\/><path xmlns=\"http:\/\/www.w3.org\/2000\/svg\" d=\"M20 2v4\"\/><path xmlns=\"http:\/\/www.w3.org\/2000\/svg\" d=\"M22 4h-4\"\/><circle xmlns=\"http:\/\/www.w3.org\/2000\/svg\" cx=\"4\" cy=\"20\" r=\"2\"\/><\/svg> <h3 class=\"py-card-3__heading\" style=\"color:var(--py-brand-color-1)\">Co-cr\u00e9er<\/h3><\/div> <div data-empty-placeholder=\"\">\n<p class=\"py-text\" style=\"--py-font-size:1.4rem\">Placer l'exp\u00e9rience v\u00e9cue au centre de tout ce que nous faisons en co-concevant des approches parall\u00e8lement aux nouveaux arrivants r\u00e9fugi\u00e9s, aux parrains et aux praticiens de premi\u00e8re ligne pour garantir que les strat\u00e9gies refl\u00e8tent les besoins r\u00e9els, s'appuient sur les forces existantes et s'alignent sur les pratiques prometteuses et les meilleures pratiques dans tout le secteur de l'\u00e9tablissement.<\/p>\n<\/div> <\/div>\n<\/div>\n<\/div>\n<\/section>\n\n\n\n<section class=\"py-flex py-gap py-section py-background-color-8\" style=\"--py-gap-value:var(--py-section-gap)\">\n<div class=\"py-container py-flex py-gap\" style=\"--py-gap-value:var(--py-container-gap);--py-container-width:768px\">\n<div class=\"py-flex py-gap\" style=\"--py-gap-value:var(--py-content-gap)\">\n<h2 class=\"py-text  fade-up\" style=\"--py-font-size:var(--py-h2-s)\">Participer<\/h2>\n\n\n\n<p class=\"py-text  fade-up\" style=\"--py-font-size:1.6rem;--py-max-width:700px\">Ensemble, Bridge Together travaille \u00e0 cr\u00e9er un syst\u00e8me d'accueil plus connect\u00e9, r\u00e9actif et inclusif. Les partenaires peuvent s'impliquer par le biais de notre Table consultative ou de notre Groupe d'engagement.<\/p>\n<\/div>\n\n\n\n<div data-pg-name=\"Piney Grid\" class=\"py-gap py-grid  py-grid-tab-l\" style=\"--py-gap-value:var(--py-grid-gap);--py-grid-columns-tab-l:2\">\n<div class=\"wp-block-piney-py-card fade-up py-card\" style=\"background-color:white\"> <div class=\"py-card__icon-wrapper\"> <svg xmlns=\"http:\/\/www.w3.org\/2000\/svg\" width=\"24\" height=\"24\" viewbox=\"0 0 24 24\" fill=\"none\" stroke=\"currentColor\" stroke-width=\"2\" stroke-linecap=\"round\" stroke-linejoin=\"round\" class=\"py-card__icon\" aria-hidden=\"true\"><path xmlns=\"http:\/\/www.w3.org\/2000\/svg\" d=\"m16 11 2 2 4-4\"\/><path xmlns=\"http:\/\/www.w3.org\/2000\/svg\" d=\"M16 21v-2a4 4 0 0 0-4-4H6a4 4 0 0 0-4 4v2\"\/><circle xmlns=\"http:\/\/www.w3.org\/2000\/svg\" cx=\"9\" cy=\"7\" r=\"4\"\/><\/svg> <\/div> <div data-empty-placeholder=\"\">\n<div class=\"py-flex py-gap\" style=\"--py-gap-value:var(--py-content-gap)\">\n<h3 class=\"py-text\" style=\"--py-font-size:1.8rem\">Table de conseil<\/h3>\n\n\n\n<p class=\"py-text\" style=\"--py-font-size:1.4rem\">Fournit des conseils strat\u00e9giques, aide \u00e0 d\u00e9finir les objectifs du projet et examine les activit\u00e9s et livrables cl\u00e9s pour s'assurer qu'ils r\u00e9pondent aux besoins du secteur.<\/p>\n<\/div>\n<\/div> <\/div>\n\n\n\n<div class=\"wp-block-piney-py-card fade-up py-card\" style=\"background-color:white\"> <div class=\"py-card__icon-wrapper\" style=\"background-color:hsl(var(--py-bc-1-hs),var(--py-bc-1-l),0.1)\"> <svg xmlns=\"http:\/\/www.w3.org\/2000\/svg\" style=\"color:var(--py-brand-color-1)\" width=\"24\" height=\"24\" viewbox=\"0 0 24 24\" fill=\"none\" stroke=\"currentColor\" stroke-width=\"2\" stroke-linecap=\"round\" stroke-linejoin=\"round\" class=\"py-card__icon\" aria-hidden=\"true\"><path xmlns=\"http:\/\/www.w3.org\/2000\/svg\" d=\"M18 21a8 8 0 0 0-16 0\"\/><circle xmlns=\"http:\/\/www.w3.org\/2000\/svg\" cx=\"10\" cy=\"8\" r=\"5\"\/><path xmlns=\"http:\/\/www.w3.org\/2000\/svg\" d=\"M22 20c0-3.37-2-6.5-4-8a5 5 0 0 0-.45-8.3\"\/><\/svg> <\/div> <div data-empty-placeholder=\"\">\n<div class=\"py-flex py-gap\" style=\"--py-gap-value:var(--py-content-gap)\">\n<h3 class=\"py-text\" style=\"--py-font-size:1.8rem\">Groupe d'engagement<\/h3>\n\n\n\n<p class=\"py-text\" style=\"--py-font-size:1.4rem\">Offre un espace flexible pour se connecter, partager des exp\u00e9riences et apporter des id\u00e9es pratiques qui ancrent le travail du projet dans la pratique du monde r\u00e9el.<\/p>\n<\/div>\n<\/div> <\/div>\n<\/div>\n\n\n\n<div class=\"py-flex py-gap\" style=\"--py-gap-value:var(--py-content-gap);--py-align-items:center\">\n<a href=\"https:\/\/bridge2gether.ca\/fr\/contact\/\" class=\"wp-block-piney-py-button btn btn--second fade-up\" target=\"_self\" rel=\"noopener\">Connectez-vous avec nous<\/a>\n<\/div>\n<\/div>\n<\/section>","protected":false},"excerpt":{"rendered":"","protected":false},"author":5,"featured_media":0,"parent":5064,"menu_order":0,"comment_status":"closed","ping_status":"closed","template":"","meta":{"_seopress_robots_primary_cat":"","_seopress_titles_title":"","_seopress_titles_desc":"","_seopress_robots_index":"","footnotes":""},"class_list":["post-5360","page","type-page","status-publish","hentry"],"pp_statuses_selecting_workflow":false,"pp_workflow_action":"current","pp_status_selection":"publish","meta_box":[],"_links":{"self":[{"href":"https:\/\/bridge2gether.ca\/fr\/wp-json\/wp\/v2\/pages\/5360","targetHints":{"allow":["GET"]}}],"collection":[{"href":"https:\/\/bridge2gether.ca\/fr\/wp-json\/wp\/v2\/pages"}],"about":[{"href":"https:\/\/bridge2gether.ca\/fr\/wp-json\/wp\/v2\/types\/page"}],"author":[{"embeddable":true,"href":"https:\/\/bridge2gether.ca\/fr\/wp-json\/wp\/v2\/users\/5"}],"replies":[{"embeddable":true,"href":"https:\/\/bridge2gether.ca\/fr\/wp-json\/wp\/v2\/comments?post=5360"}],"version-history":[{"count":10,"href":"https:\/\/bridge2gether.ca\/fr\/wp-json\/wp\/v2\/pages\/5360\/revisions"}],"predecessor-version":[{"id":5480,"href":"https:\/\/bridge2gether.ca\/fr\/wp-json\/wp\/v2\/pages\/5360\/revisions\/5480"}],"up":[{"embeddable":true,"href":"https:\/\/bridge2gether.ca\/fr\/wp-json\/wp\/v2\/pages\/5064"}],"wp:attachment":[{"href":"https:\/\/bridge2gether.ca\/fr\/wp-json\/wp\/v2\/media?parent=5360"}],"curies":[{"name":"wp","href":"https:\/\/api.w.org\/{rel}","templated":true}]}}