{"id":5326,"date":"2026-03-05T09:58:29","date_gmt":"2026-03-05T14:58:29","guid":{"rendered":"https:\/\/wordpress-403092-6208938.cloudwaysapps.com\/?page_id=5326"},"modified":"2026-03-17T08:38:16","modified_gmt":"2026-03-17T12:38:16","slug":"agences-participantes","status":"publish","type":"page","link":"https:\/\/bridge2gether.ca\/fr\/about\/participating-agencies\/","title":{"rendered":"Agences participantes"},"content":{"rendered":"<section class=\"py-flex py-gap py-section py-background-color-1\" style=\"--py-gap-value:var(--py-section-gap)\">\n<div class=\"py-container py-flex py-gap\" style=\"--py-gap-value:var(--py-container-gap)\">\n<div class=\"py-flex py-gap\" style=\"--py-gap-value:var(--py-content-gap);--py-align-items:center\">\n<h1 class=\"py-text  fade-up\" style=\"--py-text-color:white;--py-font-size:var(--py-h1-s);--py-text-align:center\">Agences participantes<\/h1>\n\n\n\n<p class=\"py-text  fade-up\" style=\"--py-text-color:white;--py-text-align:center;--py-max-width:672px\">Travailler en collaboration avec les organisations de prestataires de services d'\u00e9tablissement, les parrains priv\u00e9s de r\u00e9fugi\u00e9s et les nouveaux arrivants parrain\u00e9s.<\/p>\n<\/div>\n<\/div>\n<\/section>\n\n\n\n<section class=\"py-flex py-gap py-section py-background-color-8\" style=\"--py-gap-value:var(--py-section-gap)\">\n<div class=\"py-container py-flex py-gap\" style=\"--py-gap-value:var(--py-container-gap) * 2\">\n<div data-pg-name=\"Piney Grid\" class=\"py-gap py-grid  py-grid-tab-l\" style=\"--py-gap-value:var(--py-grid-gap);--py-grid-template-columns:var(--py-grid-columns);--py-grid-columns-tab-l:minmax(0, 1fr) minmax(0, 3fr)\">\n<div class=\"py-flex py-gap\" style=\"--py-gap-value:var(--py-content-gap)\">\n<div class=\"py-flex py-gap    py-position-sticky\" style=\"--py-gap-value:var(--py-content-gap)\">\n<div class=\"py-flex py-gap    fade-up\" style=\"--py-gap-value:var(--py-content-gap)\"><div class=\"wpgb-facet wpgb-loading wpgb-facet-4\" data-facet=\"4\" data-grid=\"wpgb-content\"><\/div>\n\n\n\n<div class=\"py-flex py-gap\" style=\"--py-gap-value:1rem\">\n<p class=\"py-text\" style=\"--py-font-size:1.2rem;--py-font-weight:600;--py-text-transform:uppercase\">Cat\u00e9gories<\/p>\n\n\n<div class=\"wpgb-facet wpgb-loading wpgb-facet-3\" data-facet=\"3\" data-grid=\"wpgb-content\"><\/div>\n<\/div>\n<\/div>\n<\/div>\n<\/div>\n\n\n\n<div class=\"py-flex py-gap\" style=\"--py-gap-value:var(--py-content-gap)\">\n<div class=\"py-flex py-gap\" style=\"--py-gap-value:1rem\">\n<h2 class=\"py-text  fade-up\" style=\"--py-font-size:2.4rem\">Nos partenaires<\/h2>\n\n\n\n<p class=\"py-text  fade-up\" style=\"--py-font-size:1.6rem\">Travailler en collaboration avec les organisations de prestataires de services d'\u00e9tablissement, les parrains priv\u00e9s de r\u00e9fugi\u00e9s et les nouveaux arrivants parrain\u00e9s.<\/p>\n<\/div>\n\n\n<div class=\"py-pa-cat-grid wpgb-content fade-up\">\n                                            <div id=\"post-5263\" class=\"py-pa-cat-grid__item post-5263 participating-agency type-participating-agency status-publish hentry pa-category-lead-agency\">\n                <div class=\"py-pa-cat-grid__item-heading-cat\">\n                    <h3 class=\"py-pa-cat-grid__item-heading\">Services Catholiques Interculturels (SCI)<\/h3><span class=\"py-pa-cat-grid__item-cat\"><p>Agence chef de file<\/p><\/span>\n                <\/div>\n                \n<p>Catholic Crosscultural Services (CCS) est une organisation nationale \u00e0 but non lucratif qui aide les immigrants et les r\u00e9fugi\u00e9s \u00e0 commencer leur nouvelle vie, \u00e0 se sentir chez eux et \u00e0 prosp\u00e9rer au Canada. Depuis 1959, nous offrons des programmes et services gratuits dans plus de 30 langues pour aider les nouveaux arrivants \u00e0 commencer leur vie ici.<a href=\"https:\/\/ccscan.ca\/\" target=\"_blank\" rel=\"noreferrer noopener\"><\/a><\/p>\n                <a href=\"https:\/\/ccscan.ca\/\" class=\"py-pa-cat-grid__item-link\" target=\"_blank\"><span class=\"py-pa-cat-grid__item-link-txt\">Visit Website<\/span><svg xmlns=\"http:\/\/www.w3.org\/2000\/svg\" width=\"24\" height=\"24\" viewbox=\"0 0 24 24\" fill=\"none\" stroke=\"currentColor\" stroke-width=\"2\" stroke-linecap=\"round\" stroke-linejoin=\"round\" aria-hidden=\"true\">\n                        <path d=\"M15 3h6v6\"><\/path>\n                        <path d=\"M10 14 21 3\"><\/path>\n                        <path d=\"M18 13v6a2 2 0 0 1-2 2H5a2 2 0 0 1-2-2V8a2 2 0 0 1 2-2h6\"><\/path>\n                    <\/svg><\/a>\n            <\/div>\n                                <div id=\"post-6414\" class=\"py-pa-cat-grid__item post-6414 participating-agency type-participating-agency status-publish hentry pa-category-partner-agency\">\n                <div class=\"py-pa-cat-grid__item-heading-cat\">\n                    <h3 class=\"py-pa-cat-grid__item-heading\">Centre des services aux immigrants et \u00e0 la communaut\u00e9 (CICS)<\/h3><span class=\"py-pa-cat-grid__item-cat\"><p>Agence partenaire<\/p><\/span>\n                <\/div>\n                \n<p>Le CICS est un organisme de bienfaisance multiservices qui offre une vaste gamme de services d'\u00e9tablissement et communautaires abordables, culturellement adapt\u00e9s et professionnels dans la RGT depuis plus de 50 ans.<\/p>\n                <a href=\"https:\/\/t.cicscanada.com\/\" class=\"py-pa-cat-grid__item-link\" target=\"_blank\"><span class=\"py-pa-cat-grid__item-link-txt\">Visit Website<\/span><svg xmlns=\"http:\/\/www.w3.org\/2000\/svg\" width=\"24\" height=\"24\" viewbox=\"0 0 24 24\" fill=\"none\" stroke=\"currentColor\" stroke-width=\"2\" stroke-linecap=\"round\" stroke-linejoin=\"round\" aria-hidden=\"true\">\n                        <path d=\"M15 3h6v6\"><\/path>\n                        <path d=\"M10 14 21 3\"><\/path>\n                        <path d=\"M18 13v6a2 2 0 0 1-2 2H5a2 2 0 0 1-2-2V8a2 2 0 0 1 2-2h6\"><\/path>\n                    <\/svg><\/a>\n            <\/div>\n                                <div id=\"post-6422\" class=\"py-pa-cat-grid__item post-6422 participating-agency type-participating-agency status-publish hentry pa-category-partner-agency\">\n                <div class=\"py-pa-cat-grid__item-heading-cat\">\n                    <h3 class=\"py-pa-cat-grid__item-heading\">Maison Communautaire de North York (NYCH)<\/h3><span class=\"py-pa-cat-grid__item-cat\"><p>Agence partenaire<\/p><\/span>\n                <\/div>\n                \n<p>Le North York Community House (NYCH) b\u00e2tit des communaut\u00e9s fortes et dynamiques en b\u00e2tissant des personnes. Au service des r\u00e9sidents du nord-ouest de Toronto chaque ann\u00e9e, ils aident \u00e0 transformer des vies en travaillant avec les gens, en comprenant leurs besoins et en les soutenant dans l'atteinte de leurs objectifs.<\/p>\n                <a href=\"https:\/\/www.nych.ca\/\" class=\"py-pa-cat-grid__item-link\" target=\"_blank\"><span class=\"py-pa-cat-grid__item-link-txt\">Visit Website<\/span><svg xmlns=\"http:\/\/www.w3.org\/2000\/svg\" width=\"24\" height=\"24\" viewbox=\"0 0 24 24\" fill=\"none\" stroke=\"currentColor\" stroke-width=\"2\" stroke-linecap=\"round\" stroke-linejoin=\"round\" aria-hidden=\"true\">\n                        <path d=\"M15 3h6v6\"><\/path>\n                        <path d=\"M10 14 21 3\"><\/path>\n                        <path d=\"M18 13v6a2 2 0 0 1-2 2H5a2 2 0 0 1-2-2V8a2 2 0 0 1 2-2h6\"><\/path>\n                    <\/svg><\/a>\n            <\/div>\n                                <div id=\"post-6418\" class=\"py-pa-cat-grid__item post-6418 participating-agency type-participating-agency status-publish hentry pa-category-partner-agency\">\n                <div class=\"py-pa-cat-grid__item-heading-cat\">\n                    <h3 class=\"py-pa-cat-grid__item-heading\">L'Association des services communautaires interculturels (TCCSA)<\/h3><span class=\"py-pa-cat-grid__item-cat\"><p>Agence partenaire<\/p><\/span>\n                <\/div>\n                \n<p>Depuis plus de cinquante ans, TCCSA aide des milliers de nouveaux arrivants \u00e0 s'installer et \u00e0 s'int\u00e9grer \u00e0 la soci\u00e9t\u00e9 canadienne chaque ann\u00e9e.<\/p>\n                <a href=\"https:\/\/tccsa.on.ca\/\" class=\"py-pa-cat-grid__item-link\" target=\"_blank\"><span class=\"py-pa-cat-grid__item-link-txt\">Visit Website<\/span><svg xmlns=\"http:\/\/www.w3.org\/2000\/svg\" width=\"24\" height=\"24\" viewbox=\"0 0 24 24\" fill=\"none\" stroke=\"currentColor\" stroke-width=\"2\" stroke-linecap=\"round\" stroke-linejoin=\"round\" aria-hidden=\"true\">\n                        <path d=\"M15 3h6v6\"><\/path>\n                        <path d=\"M10 14 21 3\"><\/path>\n                        <path d=\"M18 13v6a2 2 0 0 1-2 2H5a2 2 0 0 1-2-2V8a2 2 0 0 1 2-2h6\"><\/path>\n                    <\/svg><\/a>\n            <\/div>\n                                <div id=\"post-6426\" class=\"py-pa-cat-grid__item post-6426 participating-agency type-participating-agency status-publish hentry pa-category-partner-agency\">\n                <div class=\"py-pa-cat-grid__item-heading-cat\">\n                    <h3 class=\"py-pa-cat-grid__item-heading\">Services communautaires WoodGreen<\/h3><span class=\"py-pa-cat-grid__item-cat\"><p>Agence partenaire<\/p><\/span>\n                <\/div>\n                \n<p>Depuis plus de 85 ans, WoodGreen r\u00e9pond aux besoins non satisfaits des r\u00e9sidents de Toronto par des services communautaires int\u00e9gr\u00e9s. Nous offrons des logements abordables, un soutien \u00e0 l'emploi, des conseils financiers, des services de garde d'enfants, des programmes pour jeunes et des services de sant\u00e9 mentale, aidant les individus et les familles \u00e0 construire leur stabilit\u00e9 et \u00e0 prosp\u00e9rer \u00e0 travers Toronto.<\/p>\n                <a href=\"https:\/\/www.woodgreen.org\/\" class=\"py-pa-cat-grid__item-link\" target=\"_blank\"><span class=\"py-pa-cat-grid__item-link-txt\">Visit Website<\/span><svg xmlns=\"http:\/\/www.w3.org\/2000\/svg\" width=\"24\" height=\"24\" viewbox=\"0 0 24 24\" fill=\"none\" stroke=\"currentColor\" stroke-width=\"2\" stroke-linecap=\"round\" stroke-linejoin=\"round\" aria-hidden=\"true\">\n                        <path d=\"M15 3h6v6\"><\/path>\n                        <path d=\"M10 14 21 3\"><\/path>\n                        <path d=\"M18 13v6a2 2 0 0 1-2 2H5a2 2 0 0 1-2-2V8a2 2 0 0 1 2-2h6\"><\/path>\n                    <\/svg><\/a>\n            <\/div>\n                    <\/div>\n\n\n<div class=\"py-flex py-gap    fade-up\" style=\"--py-gap-value:var(--py-content-gap);--py-align-items:center\"><div class=\"wpgb-facet wpgb-loading wpgb-facet-10\" data-facet=\"10\" data-grid=\"wpgb-content\"><\/div>\n<\/div>\n<\/div>\n<\/div>\n\n\n\n<div class=\"wp-block-piney-py-div py-div fade-up py-shadow-1\" style=\"padding:32px;background-color:white;border-radius:16px\">\n<div class=\"py-flex py-gap\" style=\"--py-gap-value:var(--py-content-gap);--py-align-items:center\">\n<h3 class=\"py-text\" style=\"--py-font-size:1.8rem;--py-text-align:center\">Int\u00e9ress\u00e9(e) \u00e0 participer ?<\/h3>\n\n\n\n<p class=\"py-text\" style=\"--py-font-size:1.4rem;--py-text-align:center\">Nous invitons les organisations int\u00e9ress\u00e9es \u00e0 renforcer la coordination au sein du syst\u00e8me de r\u00e9installation \u00e0 nous contacter.<\/p>\n\n\n\n<a href=\"https:\/\/bridge2gether.ca\/fr\/contact\/\" class=\"wp-block-piney-py-button btn\" target=\"_self\" rel=\"noopener\">Contactez-nous<\/a>\n<\/div>\n<\/div>\n<\/div>\n<\/section>","protected":false},"excerpt":{"rendered":"","protected":false},"author":5,"featured_media":0,"parent":5064,"menu_order":0,"comment_status":"closed","ping_status":"closed","template":"","meta":{"_seopress_robots_primary_cat":"","_seopress_titles_title":"","_seopress_titles_desc":"","_seopress_robots_index":"","footnotes":""},"class_list":["post-5326","page","type-page","status-publish","hentry"],"pp_statuses_selecting_workflow":false,"pp_workflow_action":"current","pp_status_selection":"publish","meta_box":[],"_links":{"self":[{"href":"https:\/\/bridge2gether.ca\/fr\/wp-json\/wp\/v2\/pages\/5326","targetHints":{"allow":["GET"]}}],"collection":[{"href":"https:\/\/bridge2gether.ca\/fr\/wp-json\/wp\/v2\/pages"}],"about":[{"href":"https:\/\/bridge2gether.ca\/fr\/wp-json\/wp\/v2\/types\/page"}],"author":[{"embeddable":true,"href":"https:\/\/bridge2gether.ca\/fr\/wp-json\/wp\/v2\/users\/5"}],"replies":[{"embeddable":true,"href":"https:\/\/bridge2gether.ca\/fr\/wp-json\/wp\/v2\/comments?post=5326"}],"version-history":[{"count":21,"href":"https:\/\/bridge2gether.ca\/fr\/wp-json\/wp\/v2\/pages\/5326\/revisions"}],"predecessor-version":[{"id":6321,"href":"https:\/\/bridge2gether.ca\/fr\/wp-json\/wp\/v2\/pages\/5326\/revisions\/6321"}],"up":[{"embeddable":true,"href":"https:\/\/bridge2gether.ca\/fr\/wp-json\/wp\/v2\/pages\/5064"}],"wp:attachment":[{"href":"https:\/\/bridge2gether.ca\/fr\/wp-json\/wp\/v2\/media?parent=5326"}],"curies":[{"name":"wp","href":"https:\/\/api.w.org\/{rel}","templated":true}]}}