{"id":5068,"date":"2026-03-03T07:56:45","date_gmt":"2026-03-03T12:56:45","guid":{"rendered":"https:\/\/wordpress-403092-6208938.cloudwaysapps.com\/?page_id=5068"},"modified":"2026-03-17T08:46:47","modified_gmt":"2026-03-17T12:46:47","slug":"ressources","status":"publish","type":"page","link":"https:\/\/bridge2gether.ca\/fr\/resources\/","title":{"rendered":"Centre de ressources"},"content":{"rendered":"<section class=\"py-flex py-gap py-section py-background-color-1\" style=\"--py-gap-value:var(--py-section-gap)\">\n<div class=\"py-container py-flex py-gap\" style=\"--py-gap-value:var(--py-container-gap)\">\n<div class=\"py-flex py-gap\" style=\"--py-gap-value:var(--py-content-gap);--py-align-items:center\">\n<h1 class=\"py-text  fade-up\" style=\"--py-text-color:white;--py-font-size:var(--py-h1-s);--py-text-align:center\">Centre de ressources<\/h1>\n\n\n\n<p class=\"py-text  fade-up\" style=\"--py-text-color:white;--py-text-align:center;--py-max-width:672px\">Ressources s\u00e9lectionn\u00e9es, guides et liens d'annuaire pour soutenir les parrains, les nouveaux arrivants et les prestataires de services.<\/p>\n<\/div>\n<\/div>\n<\/section>\n\n\n\n<section class=\"py-flex py-gap py-section py-background-color-8\" style=\"--py-gap-value:var(--py-section-gap)\">\n<div class=\"py-container py-flex py-gap\" style=\"--py-gap-value:var(--py-container-gap);--py-container-width:832px\">\n<div data-pg-name=\"Piney Grid\" class=\"py-gap py-grid  py-grid-tab-l\" style=\"--py-gap-value:2rem;--py-grid-columns-tab-l:3\">\n<a class=\"wp-block-piney-py-link-card fade-up py-card py-link-card\" href=\"https:\/\/bridge2gether.ca\/fr\/ressources\/directory\/\" style=\"background-color:white\"><div class=\"py-card__icon-wrapper\"> <svg xmlns=\"http:\/\/www.w3.org\/2000\/svg\" width=\"24\" height=\"24\" viewbox=\"0 0 24 24\" fill=\"none\" stroke=\"currentColor\" stroke-width=\"2\" stroke-linecap=\"round\" stroke-linejoin=\"round\" class=\"py-card__icon\" aria-hidden=\"true\"><path xmlns=\"http:\/\/www.w3.org\/2000\/svg\" d=\"M20 10c0 4.993-5.539 10.193-7.399 11.799a1 1 0 0 1-1.202 0C9.539 20.193 4 14.993 4 10a8 8 0 0 1 16 0\"\/><circle xmlns=\"http:\/\/www.w3.org\/2000\/svg\" cx=\"12\" cy=\"10\" r=\"3\"\/><\/svg> <\/div><div data-empty-placeholder=\"\">\n<div class=\"py-flex py-gap\" style=\"--py-gap-value:var(--py-content-gap)\">\n<h3 class=\"py-text\" style=\"--py-font-size:2rem\">R\u00e9pertoire avec une carte<\/h3>\n\n\n\n<p class=\"py-text\" style=\"--py-font-size:1.4rem\">Connectez-vous avec des services et des organisations d'\u00e9tablissement \u00e0 travers le Canada. Trouvez des prestataires de services pr\u00e8s de chez vous gr\u00e2ce \u00e0 notre annuaire et notre carte interactive.<\/p>\n<\/div>\n<\/div><span class=\"py-link-card__link-text\"><span class=\"py-link-card__link-text-txt\">Explorer<\/span><svg xmlns=\"http:\/\/www.w3.org\/2000\/svg\" width=\"24\" height=\"24\" viewbox=\"0 0 24 24\" fill=\"none\" stroke=\"currentColor\" stroke-width=\"2\" stroke-linecap=\"round\" stroke-linejoin=\"round\" class=\"py-link-card__link-text-icon\" aria-hidden=\"true\"> <path d=\"M5 12h14\"><\/path> <path d=\"m12 5 7 7-7 7\"><\/path> <\/svg><\/span><\/a>\n\n\n\n<a class=\"wp-block-piney-py-link-card fade-up py-card py-link-card\" href=\"https:\/\/bridge2gether.ca\/fr\/ressources\/list\/\" style=\"background-color:white\"><div class=\"py-card__icon-wrapper\" style=\"background-color:hsl(var(--py-bc-1-hs),var(--py-bc-1-l),0.1)\"> <svg xmlns=\"http:\/\/www.w3.org\/2000\/svg\" style=\"color:var(--py-brand-color-1)\" width=\"24\" height=\"24\" viewbox=\"0 0 24 24\" fill=\"none\" stroke=\"currentColor\" stroke-width=\"2\" stroke-linecap=\"round\" stroke-linejoin=\"round\" class=\"py-card__icon\" aria-hidden=\"true\"><path xmlns=\"http:\/\/www.w3.org\/2000\/svg\" d=\"M6 22a2 2 0 0 1-2-2V4a2 2 0 0 1 2-2h8a2.4 2.4 0 0 1 1.704.706l3.588 3.588A2.4 2.4 0 0 1 20 8v12a2 2 0 0 1-2 2z\"\/><path xmlns=\"http:\/\/www.w3.org\/2000\/svg\" d=\"M14 2v5a1 1 0 0 0 1 1h5\"\/><path xmlns=\"http:\/\/www.w3.org\/2000\/svg\" d=\"M10 9H8\"\/><path xmlns=\"http:\/\/www.w3.org\/2000\/svg\" d=\"M16 13H8\"\/><path xmlns=\"http:\/\/www.w3.org\/2000\/svg\" d=\"M16 17H8\"\/><\/svg> <\/div><div data-empty-placeholder=\"\">\n<div class=\"py-flex py-gap\" style=\"--py-gap-value:var(--py-content-gap)\">\n<h3 class=\"py-text\" style=\"--py-font-size:2rem\">Liste des ressources<\/h3>\n\n\n\n<p class=\"py-text\" style=\"--py-font-size:1.4rem\">Documents officiels, guides et ressources s\u00e9lectionn\u00e9s pour aider les parrains, les nouveaux arrivants et les prestataires de services \u00e0 naviguer dans le processus de parrainage priv\u00e9.<\/p>\n<\/div>\n<\/div><span class=\"py-link-card__link-text\"><span class=\"py-link-card__link-text-txt\">Explorer<\/span><svg xmlns=\"http:\/\/www.w3.org\/2000\/svg\" width=\"24\" height=\"24\" viewbox=\"0 0 24 24\" fill=\"none\" stroke=\"currentColor\" stroke-width=\"2\" stroke-linecap=\"round\" stroke-linejoin=\"round\" class=\"py-link-card__link-text-icon\" aria-hidden=\"true\"> <path d=\"M5 12h14\"><\/path> <path d=\"m12 5 7 7-7 7\"><\/path> <\/svg><\/span><\/a>\n\n\n\n<a class=\"wp-block-piney-py-link-card fade-up py-card py-link-card\" href=\"https:\/\/bridge2gether.ca\/fr\/ressources\/training\/\" style=\"background-color:white\"><div class=\"py-card__icon-wrapper\" style=\"background-color:hsl(var(--py-bc-4-hs),var(--py-bc-4-l),0.1)\"> <svg xmlns=\"http:\/\/www.w3.org\/2000\/svg\" style=\"color:var(--py-brand-color-1)\" width=\"24\" height=\"24\" viewbox=\"0 0 24 24\" fill=\"none\" stroke=\"currentColor\" stroke-width=\"2\" stroke-linecap=\"round\" stroke-linejoin=\"round\" class=\"py-card__icon\" aria-hidden=\"true\"><path xmlns=\"http:\/\/www.w3.org\/2000\/svg\" d=\"m16 13 5.223 3.482a.5.5 0 0 0 .777-.416V7.87a.5.5 0 0 0-.752-.432L16 10.5\"\/><rect xmlns=\"http:\/\/www.w3.org\/2000\/svg\" x=\"2\" y=\"6\" width=\"14\" height=\"12\" rx=\"2\"\/><\/svg> <\/div><div data-empty-placeholder=\"\">\n<div class=\"py-flex py-gap\" style=\"--py-gap-value:var(--py-content-gap)\">\n<h3 class=\"py-text\" style=\"--py-font-size:2rem\">Vid\u00e9os de formation<\/h3>\n\n\n\n<p class=\"py-text\" style=\"--py-font-size:1.4rem\">Tutoriels vid\u00e9o et ressources de formation pour aider les parrains, les nouveaux arrivants et les prestataires de services \u00e0 acqu\u00e9rir des comp\u00e9tences et des connaissances.<\/p>\n<\/div>\n<\/div><span class=\"py-link-card__link-text\"><span class=\"py-link-card__link-text-txt\">Explorer<\/span><svg xmlns=\"http:\/\/www.w3.org\/2000\/svg\" width=\"24\" height=\"24\" viewbox=\"0 0 24 24\" fill=\"none\" stroke=\"currentColor\" stroke-width=\"2\" stroke-linecap=\"round\" stroke-linejoin=\"round\" class=\"py-link-card__link-text-icon\" aria-hidden=\"true\"> <path d=\"M5 12h14\"><\/path> <path d=\"m12 5 7 7-7 7\"><\/path> <\/svg><\/span><\/a>\n<\/div>\n<\/div>\n<\/section>","protected":false},"excerpt":{"rendered":"","protected":false},"author":5,"featured_media":0,"parent":0,"menu_order":0,"comment_status":"closed","ping_status":"closed","template":"","meta":{"_seopress_robots_primary_cat":"","_seopress_titles_title":"","_seopress_titles_desc":"","_seopress_robots_index":"","footnotes":""},"class_list":["post-5068","page","type-page","status-publish","hentry"],"pp_statuses_selecting_workflow":false,"pp_workflow_action":"current","pp_status_selection":"publish","meta_box":[],"_links":{"self":[{"href":"https:\/\/bridge2gether.ca\/fr\/wp-json\/wp\/v2\/pages\/5068","targetHints":{"allow":["GET"]}}],"collection":[{"href":"https:\/\/bridge2gether.ca\/fr\/wp-json\/wp\/v2\/pages"}],"about":[{"href":"https:\/\/bridge2gether.ca\/fr\/wp-json\/wp\/v2\/types\/page"}],"author":[{"embeddable":true,"href":"https:\/\/bridge2gether.ca\/fr\/wp-json\/wp\/v2\/users\/5"}],"replies":[{"embeddable":true,"href":"https:\/\/bridge2gether.ca\/fr\/wp-json\/wp\/v2\/comments?post=5068"}],"version-history":[{"count":4,"href":"https:\/\/bridge2gether.ca\/fr\/wp-json\/wp\/v2\/pages\/5068\/revisions"}],"predecessor-version":[{"id":6333,"href":"https:\/\/bridge2gether.ca\/fr\/wp-json\/wp\/v2\/pages\/5068\/revisions\/6333"}],"wp:attachment":[{"href":"https:\/\/bridge2gether.ca\/fr\/wp-json\/wp\/v2\/media?parent=5068"}],"curies":[{"name":"wp","href":"https:\/\/api.w.org\/{rel}","templated":true}]}}