{"id":5064,"date":"2026-03-03T07:56:13","date_gmt":"2026-03-03T12:56:13","guid":{"rendered":"https:\/\/wordpress-403092-6208938.cloudwaysapps.com\/?page_id=5064"},"modified":"2026-03-05T12:41:44","modified_gmt":"2026-03-05T17:41:44","slug":"a-propos","status":"publish","type":"page","link":"https:\/\/bridge2gether.ca\/fr\/about\/","title":{"rendered":"\u00c0 propos"},"content":{"rendered":"<section class=\"py-flex py-gap py-section py-background-color-1\" style=\"--py-gap-value:var(--py-section-gap)\">\n<div class=\"py-container py-flex py-gap\" style=\"--py-gap-value:var(--py-container-gap)\">\n<div class=\"py-flex py-gap\" style=\"--py-gap-value:var(--py-content-gap);--py-align-items:center\">\n<h1 class=\"py-text  fade-up\" style=\"--py-text-color:white;--py-font-size:var(--py-h1-s);--py-text-align:center\">\u00c0 propos de Bridge Together<\/h1>\n\n\n\n<p class=\"py-text  fade-up\" style=\"--py-text-color:white;--py-text-align:center;--py-max-width:672px\">Renforcer la collaboration, le partage des connaissances et la coordination pour de meilleurs r\u00e9sultats en mati\u00e8re de settlement.<\/p>\n<\/div>\n<\/div>\n<\/section>\n\n\n\n<section class=\"py-flex py-gap py-section py-background-color-8\" style=\"--py-gap-value:var(--py-section-gap)\">\n<div class=\"py-container py-flex py-gap\" style=\"--py-gap-value:var(--py-container-gap);--py-container-width:832px\">\n<div data-pg-name=\"Piney Grid\" class=\"py-gap py-grid  py-grid-tab-l\" style=\"--py-gap-value:var(--py-grid-gap);--py-grid-columns-tab-l:2\">\n<a class=\"wp-block-piney-py-link-card fade-up py-card py-link-card\" href=\"https:\/\/bridge2gether.ca\/fr\/a-propos\/projet-sdi\/\" style=\"background-color:white\"><div class=\"py-card__icon-wrapper\"> <svg xmlns=\"http:\/\/www.w3.org\/2000\/svg\" width=\"24\" height=\"24\" viewbox=\"0 0 24 24\" fill=\"none\" stroke=\"currentColor\" stroke-width=\"2\" stroke-linecap=\"round\" stroke-linejoin=\"round\" class=\"py-card__icon\" aria-hidden=\"true\"><path xmlns=\"http:\/\/www.w3.org\/2000\/svg\" d=\"M15 14c.2-1 .7-1.7 1.5-2.5 1-.9 1.5-2.2 1.5-3.5A6 6 0 0 0 6 8c0 1 .2 2.2 1.5 3.5.7.7 1.3 1.5 1.5 2.5\"\/><path xmlns=\"http:\/\/www.w3.org\/2000\/svg\" d=\"M9 18h6\"\/><path xmlns=\"http:\/\/www.w3.org\/2000\/svg\" d=\"M10 22h4\"\/><\/svg> <\/div><div data-empty-placeholder=\"\">\n<div class=\"py-flex py-gap\" style=\"--py-gap-value:var(--py-content-gap)\">\n<h3 class=\"py-text\" style=\"--py-font-size:2rem\">Projet SDI<\/h3>\n\n\n\n<p class=\"py-text\" style=\"--py-font-size:1.4rem\">D\u00e9couvrez le projet d'am\u00e9lioration de la prestation de services financ\u00e9 par l'IRCC, notre mission, nos piliers fondamentaux et comment nous travaillons \u00e0 renforcer la collaboration au sein de l'\u00e9cosyst\u00e8me du parrainage des r\u00e9fugi\u00e9s.<\/p>\n<\/div>\n<\/div><span class=\"py-link-card__link-text\"><span class=\"py-link-card__link-text-txt\">En savoir plus<\/span><svg xmlns=\"http:\/\/www.w3.org\/2000\/svg\" width=\"24\" height=\"24\" viewbox=\"0 0 24 24\" fill=\"none\" stroke=\"currentColor\" stroke-width=\"2\" stroke-linecap=\"round\" stroke-linejoin=\"round\" class=\"py-link-card__link-text-icon\" aria-hidden=\"true\"><path d=\"M5 12h14\"><\/path><path d=\"m12 5 7 7-7 7\"><\/path><\/svg><\/span><\/a>\n\n\n\n<a class=\"wp-block-piney-py-link-card fade-up py-card py-link-card\" href=\"https:\/\/bridge2gether.ca\/fr\/a-propos\/agences-participantes\/\" style=\"background-color:white\"><div class=\"py-card__icon-wrapper\" style=\"background-color:hsl(var(--py-bc-1-hs),var(--py-bc-1-l),0.1)\"> <svg xmlns=\"http:\/\/www.w3.org\/2000\/svg\" style=\"color:var(--py-brand-color-1)\" width=\"24\" height=\"24\" viewbox=\"0 0 24 24\" fill=\"none\" stroke=\"currentColor\" stroke-width=\"2\" stroke-linecap=\"round\" stroke-linejoin=\"round\" class=\"py-card__icon\" aria-hidden=\"true\"><path xmlns=\"http:\/\/www.w3.org\/2000\/svg\" d=\"M10 12h4\"\/><path xmlns=\"http:\/\/www.w3.org\/2000\/svg\" d=\"M10 8h4\"\/><path xmlns=\"http:\/\/www.w3.org\/2000\/svg\" d=\"M14 21v-3a2 2 0 0 0-4 0v3\"\/><path xmlns=\"http:\/\/www.w3.org\/2000\/svg\" d=\"M6 10H4a2 2 0 0 0-2 2v7a2 2 0 0 0 2 2h16a2 2 0 0 0 2-2V9a2 2 0 0 0-2-2h-2\"\/><path xmlns=\"http:\/\/www.w3.org\/2000\/svg\" d=\"M6 21V5a2 2 0 0 1 2-2h8a2 2 0 0 1 2 2v16\"\/><\/svg> <\/div><div data-empty-placeholder=\"\">\n<div class=\"py-flex py-gap\" style=\"--py-gap-value:var(--py-content-gap)\">\n<h3 class=\"py-text\" style=\"--py-font-size:2rem\">Agences participantes<\/h3>\n\n\n\n<p class=\"py-text\" style=\"--py-font-size:1.4rem\">Rencontrez les organismes d'\u00e9tablissement et les organisations qui collaborent dans le cadre du projet \u00ab Bridge Together \u00bb pour am\u00e9liorer les r\u00e9sultats des nouveaux arrivants parrain\u00e9s.<\/p>\n<\/div>\n<\/div><span class=\"py-link-card__link-text\"><span class=\"py-link-card__link-text-txt\">En savoir plus<\/span><svg xmlns=\"http:\/\/www.w3.org\/2000\/svg\" width=\"24\" height=\"24\" viewbox=\"0 0 24 24\" fill=\"none\" stroke=\"currentColor\" stroke-width=\"2\" stroke-linecap=\"round\" stroke-linejoin=\"round\" class=\"py-link-card__link-text-icon\" aria-hidden=\"true\"><path d=\"M5 12h14\"><\/path><path d=\"m12 5 7 7-7 7\"><\/path><\/svg><\/span><\/a>\n<\/div>\n<\/div>\n<\/section>","protected":false},"excerpt":{"rendered":"","protected":false},"author":5,"featured_media":0,"parent":0,"menu_order":0,"comment_status":"closed","ping_status":"closed","template":"","meta":{"_seopress_robots_primary_cat":"","_seopress_titles_title":"","_seopress_titles_desc":"","_seopress_robots_index":"","footnotes":""},"class_list":["post-5064","page","type-page","status-publish","hentry"],"pp_statuses_selecting_workflow":false,"pp_workflow_action":"current","pp_status_selection":"publish","meta_box":[],"_links":{"self":[{"href":"https:\/\/bridge2gether.ca\/fr\/wp-json\/wp\/v2\/pages\/5064","targetHints":{"allow":["GET"]}}],"collection":[{"href":"https:\/\/bridge2gether.ca\/fr\/wp-json\/wp\/v2\/pages"}],"about":[{"href":"https:\/\/bridge2gether.ca\/fr\/wp-json\/wp\/v2\/types\/page"}],"author":[{"embeddable":true,"href":"https:\/\/bridge2gether.ca\/fr\/wp-json\/wp\/v2\/users\/5"}],"replies":[{"embeddable":true,"href":"https:\/\/bridge2gether.ca\/fr\/wp-json\/wp\/v2\/comments?post=5064"}],"version-history":[{"count":7,"href":"https:\/\/bridge2gether.ca\/fr\/wp-json\/wp\/v2\/pages\/5064\/revisions"}],"predecessor-version":[{"id":5431,"href":"https:\/\/bridge2gether.ca\/fr\/wp-json\/wp\/v2\/pages\/5064\/revisions\/5431"}],"wp:attachment":[{"href":"https:\/\/bridge2gether.ca\/fr\/wp-json\/wp\/v2\/media?parent=5064"}],"curies":[{"name":"wp","href":"https:\/\/api.w.org\/{rel}","templated":true}]}}