{"id":2,"date":"2022-10-06T18:09:50","date_gmt":"2022-10-06T18:09:50","guid":{"rendered":"https:\/\/wordpress-403092-6208938.cloudwaysapps.com\/?page_id=2"},"modified":"2026-04-01T06:00:07","modified_gmt":"2026-04-01T10:00:07","slug":"home","status":"publish","type":"page","link":"https:\/\/bridge2gether.ca\/fr\/","title":{"rendered":"Accueil"},"content":{"rendered":"<section class=\"py-flex py-gap py-section\" style=\"--py-gap-value:var(--py-section-gap);position:relative;min-height:80vh\">\n<img loading=\"lazy\" decoding=\"async\" width=\"1024\" height=\"1024\" src=\"https:\/\/bridge2gether.ca\/wp-content\/uploads\/hero.webp\" class=\"py-bg-img wp-image-5017\" style=\"z-index:1\" alt=\"h\u00e9ros\" srcset=\"https:\/\/bridge2gether.ca\/wp-content\/uploads\/hero.webp 1024w, https:\/\/bridge2gether.ca\/wp-content\/uploads\/hero-300x300.webp 300w, https:\/\/bridge2gether.ca\/wp-content\/uploads\/hero-150x150.webp 150w, https:\/\/bridge2gether.ca\/wp-content\/uploads\/hero-768x768.webp 768w\" sizes=\"auto, (max-width: 1024px) 100vw, 1024px\" \/>\n\n\n\n<div style=\"--bi-angle:right;--bi-color-1:var(--py-bc-1-hs),var(--py-bc-1-l);--bi-color-1-a:0.7;--bi-color-2:var(--py-bc-1-hs),var(--py-bc-1-l);--bi-color-2-a:0.7;z-index:2\" class=\"overlay\"><\/div>\n\n\n\n<div class=\"py-container py-flex py-gap\" style=\"--py-gap-value:var(--py-container-gap);position:relative;z-index:3;--py-container-width:750px;--py-justify-content:center\">\n<div class=\"py-flex py-gap\" style=\"--py-gap-value:var(--py-content-gap);--py-align-items:center\">\n<h1 class=\"py-text  fade-up\" style=\"--py-text-color:white;--py-text-align:center;--py-line-height:1.2\">Bienvenue au Centre de Connexion et de Ressources de Bridge Together<\/h1>\n\n\n\n<div class=\"py-flex py-gap\" style=\"--py-gap-value:3rem\">\n<p class=\"py-text  fade-up\" style=\"--py-text-color:white;--py-text-align:center;--py-max-width:672px\">Connecter les parrains, les nouveaux arrivants parrain\u00e9s par des particuliers et les prestataires d'\u00e9tablissement pour un soutien plus solide et plus harmonieux.<\/p>\n\n\n\n<div class=\"wp-block-group is-content-justification-center is-layout-flex wp-container-core-group-is-layout-b02886af wp-block-group-is-layout-flex\">\n<a href=\"https:\/\/bridge2gether.ca\/fr\/ressources\/\" class=\"wp-block-piney-py-button btn  fade-up\" target=\"_self\" rel=\"noopener\">Parcourir les ressources<\/a>\n\n\n\n<a href=\"https:\/\/bridge2gether.ca\/fr\/questions-reponses\/\" class=\"wp-block-piney-py-button btn btn--second fade-up\" target=\"_self\" rel=\"noopener\">Poser une question<\/a>\n<\/div>\n\n\n\n<p class=\"py-text  fade-up\" style=\"--py-text-color:white;--py-font-size:1.2rem;--py-text-align:center\">Un projet d'am\u00e9lioration de la prestation de services financ\u00e9 par l'IRCC et dirig\u00e9 par Catholic Crosscultural Services<\/p>\n<\/div>\n<\/div>\n<\/div>\n<\/section>\n\n\n\n<section class=\"py-flex py-gap py-section py-background-color-8\" style=\"--py-gap-value:var(--py-section-gap)\">\n<div class=\"py-container py-flex py-gap\" style=\"--py-gap-value:var(--py-container-gap) * 2\">\n<div class=\"py-flex py-gap\" style=\"--py-gap-value:var(--py-content-gap);--py-align-items:center\">\n<h2 class=\"py-text  fade-up\" style=\"--py-text-align:center\">Pourquoi Bridge Together ?<\/h2>\n\n\n\n<p class=\"py-text  fade-up\" style=\"--py-text-align:center;--py-max-width:768px\">Le parrainage priv\u00e9 de r\u00e9fugi\u00e9s est un moyen puissant d'accueillir les nouveaux arrivants au Canada, mais de bons r\u00e9sultats d\u00e9pendent d'une solide coordination. Les groupes de parrainage et les prestataires de services d'\u00e9tablissement jouent tous deux des r\u00f4les essentiels. Lorsqu'ils sont mieux connect\u00e9s, les nouveaux arrivants parrain\u00e9s re\u00e7oivent un soutien plus fluide, r\u00e9actif et efficace lors de leur installation.<br><br>Cette plateforme existe pour renforcer la collaboration, le partage des connaissances et la coordination entre ces partenaires, aidant \u00e0 construire des parcours plus clairs, des relations plus solides et de meilleures exp\u00e9riences d'int\u00e9gration \u00e0 travers le Canada.<\/p>\n<\/div>\n\n\n\n<div data-pg-name=\"Piney Grid\" class=\"py-gap py-grid py-grid-tab-m py-grid-tab-l\" style=\"--py-gap-value:24px;--py-grid-columns-tab-m:2;--py-grid-columns-tab-l:4\">\n<div class=\"wp-block-piney-py-card fade-up py-card\" style=\"background-color:white\"> <div class=\"py-card__icon-wrapper\"> <svg xmlns=\"http:\/\/www.w3.org\/2000\/svg\" width=\"24\" height=\"24\" viewbox=\"0 0 24 24\" fill=\"none\" stroke=\"currentColor\" stroke-width=\"2\" stroke-linecap=\"round\" stroke-linejoin=\"round\" class=\"py-card__icon\" aria-hidden=\"true\"><path xmlns=\"http:\/\/www.w3.org\/2000\/svg\" d=\"M12 7v14\"\/><path xmlns=\"http:\/\/www.w3.org\/2000\/svg\" d=\"M3 18a1 1 0 0 1-1-1V4a1 1 0 0 1 1-1h5a4 4 0 0 1 4 4 4 4 0 0 1 4-4h5a1 1 0 0 1 1 1v13a1 1 0 0 1-1 1h-6a3 3 0 0 0-3 3 3 3 0 0 0-3-3z\"\/><\/svg> <\/div> <div data-empty-placeholder=\"\">\n<div class=\"py-flex py-gap\" style=\"--py-gap-value:1rem\">\n<h3 class=\"py-text\" style=\"--py-font-size:1.8rem\">Ressources centralis\u00e9es<\/h3>\n\n\n\n<p class=\"py-text\" style=\"--py-font-size:1.4rem\">Ressources pratiques de parrainage et d'\u00e9tablissement en un seul endroit.<\/p>\n<\/div>\n<\/div> <\/div>\n\n\n\n<div class=\"wp-block-piney-py-card fade-up py-card\" style=\"background-color:white\"> <div class=\"py-card__icon-wrapper\"> <svg xmlns=\"http:\/\/www.w3.org\/2000\/svg\" width=\"24\" height=\"24\" viewbox=\"0 0 24 24\" fill=\"none\" stroke=\"currentColor\" stroke-width=\"2\" stroke-linecap=\"round\" stroke-linejoin=\"round\" class=\"py-card__icon\" aria-hidden=\"true\"><path xmlns=\"http:\/\/www.w3.org\/2000\/svg\" d=\"M16 21v-2a4 4 0 0 0-4-4H6a4 4 0 0 0-4 4v2\"\/><path xmlns=\"http:\/\/www.w3.org\/2000\/svg\" d=\"M16 3.128a4 4 0 0 1 0 7.744\"\/><path xmlns=\"http:\/\/www.w3.org\/2000\/svg\" d=\"M22 21v-2a4 4 0 0 0-3-3.87\"\/><circle xmlns=\"http:\/\/www.w3.org\/2000\/svg\" cx=\"9\" cy=\"7\" r=\"4\"\/><\/svg> <\/div> <div data-empty-placeholder=\"\">\n<div class=\"py-flex py-gap\" style=\"--py-gap-value:1rem\">\n<h3 class=\"py-text\" style=\"--py-font-size:1.8rem\">Connecter et collaborer<\/h3>\n\n\n\n<p class=\"py-text\" style=\"--py-font-size:1.4rem\">Un espace de connexion, de dialogue et de r\u00e9solution de probl\u00e8mes avec des professionnels de l'\u00e9tablissement.<\/p>\n<\/div>\n<\/div> <\/div>\n\n\n\n<div class=\"wp-block-piney-py-card fade-up py-card\" style=\"background-color:white\"> <div class=\"py-card__icon-wrapper\"> <svg xmlns=\"http:\/\/www.w3.org\/2000\/svg\" width=\"24\" height=\"24\" viewbox=\"0 0 24 24\" fill=\"none\" stroke=\"currentColor\" stroke-width=\"2\" stroke-linecap=\"round\" stroke-linejoin=\"round\" class=\"py-card__icon\" aria-hidden=\"true\"><path xmlns=\"http:\/\/www.w3.org\/2000\/svg\" d=\"M15 14c.2-1 .7-1.7 1.5-2.5 1-.9 1.5-2.2 1.5-3.5A6 6 0 0 0 6 8c0 1 .2 2.2 1.5 3.5.7.7 1.3 1.5 1.5 2.5\"\/><path xmlns=\"http:\/\/www.w3.org\/2000\/svg\" d=\"M9 18h6\"\/><path xmlns=\"http:\/\/www.w3.org\/2000\/svg\" d=\"M10 22h4\"\/><\/svg> <\/div> <div data-empty-placeholder=\"\">\n<div class=\"py-flex py-gap\" style=\"--py-gap-value:1rem\">\n<h3 class=\"py-text\" style=\"--py-font-size:1.8rem\">Pratiques prometteuses<\/h3>\n\n\n\n<p class=\"py-text\" style=\"--py-font-size:1.4rem\">Partagez des pratiques qui renforcent la collaboration intersectorielle.<\/p>\n<\/div>\n<\/div> <\/div>\n\n\n\n<div class=\"wp-block-piney-py-card fade-up py-card\" style=\"background-color:white\"> <div class=\"py-card__icon-wrapper\"> <svg xmlns=\"http:\/\/www.w3.org\/2000\/svg\" width=\"24\" height=\"24\" viewbox=\"0 0 24 24\" fill=\"none\" stroke=\"currentColor\" stroke-width=\"2\" stroke-linecap=\"round\" stroke-linejoin=\"round\" class=\"py-card__icon\" aria-hidden=\"true\"><path xmlns=\"http:\/\/www.w3.org\/2000\/svg\" d=\"M19.414 14.414C21 12.828 22 11.5 22 9.5a5.5 5.5 0 0 0-9.591-3.676.6.6 0 0 1-.818.001A5.5 5.5 0 0 0 2 9.5c0 2.3 1.5 4 3 5.5l5.535 5.362a2 2 0 0 0 2.879.052 2.12 2.12 0 0 0-.004-3 2.124 2.124 0 1 0 3-3 2.124 2.124 0 0 0 3.004 0 2 2 0 0 0 0-2.828l-1.881-1.882a2.41 2.41 0 0 0-3.409 0l-1.71 1.71a2 2 0 0 1-2.828 0 2 2 0 0 1 0-2.828l2.823-2.762\"\/><\/svg> <\/div> <div data-empty-placeholder=\"\">\n<div class=\"py-flex py-gap\" style=\"--py-gap-value:1rem\">\n<h3 class=\"py-text\" style=\"--py-font-size:1.8rem\">Meilleurs r\u00e9sultats<\/h3>\n\n\n\n<p class=\"py-text\" style=\"--py-font-size:1.4rem\">Am\u00e9liorer les exp\u00e9riences d'\u00e9tablissement et les r\u00e9sultats pour les nouveaux arrivants parrain\u00e9s au Canada.<\/p>\n<\/div>\n<\/div> <\/div>\n<\/div>\n<\/div>\n<\/section>\n\n\n\n<section class=\"py-flex py-gap py-section\" style=\"--py-gap-value:var(--py-section-gap)\">\n<div class=\"py-container py-flex py-gap\" style=\"--py-gap-value:var(--py-container-gap) * 2\">\n<div class=\"py-flex py-gap    fade-up\" style=\"--py-gap-value:var(--py-content-gap);--py-align-items:center\">\n<h2 class=\"py-text\" style=\"--py-text-align:center\">Notre approche<\/h2>\n<\/div>\n\n\n\n<div data-pg-name=\"Piney Grid\" class=\"py-gap py-grid  py-grid-tab-l\" style=\"--py-gap-value:24px;--py-grid-columns-tab-l:3\">\n<div class=\"wp-block-piney-py-card-2 fade-up py-card-2\"> <span class=\"py-card-2__number\">1<\/span> <div data-empty-placeholder=\"\">\n<div class=\"py-flex py-gap\" style=\"--py-gap-value:var(--py-content-gap)\">\n<h3 class=\"py-text\" style=\"--py-text-color:white\">Connecter<\/h3>\n\n\n\n<p class=\"py-text\" style=\"--py-text-color:white;--py-font-size:1.4rem\">R\u00e9unir les sponsors, les prestataires de services et les nouveaux arrivants sur une plateforme accessible.<\/p>\n<\/div>\n<\/div> <\/div>\n\n\n\n<div class=\"wp-block-piney-py-card-2 fade-up py-card-2\" style=\"background-color:var(--py-brand-color-4)\"> <span class=\"py-card-2__number\">2<\/span> <div data-empty-placeholder=\"\">\n<div class=\"py-flex py-gap\" style=\"--py-gap-value:var(--py-content-gap)\">\n<h3 class=\"py-text\" style=\"--py-text-color:white\">Collaborer<\/h3>\n\n\n\n<p class=\"py-text\" style=\"--py-text-color:white;--py-font-size:1.4rem\">Favoriser le dialogue, le partage des connaissances et la r\u00e9solution commune des probl\u00e8mes au sein de l'\u00e9cosyst\u00e8me du parrainage.<\/p>\n<\/div>\n<\/div> <\/div>\n\n\n\n<div class=\"wp-block-piney-py-card-2 fade-up py-card-2\" style=\"background-color:var(--py-brand-color-1)\"> <span class=\"py-card-2__number\">3<\/span> <div data-empty-placeholder=\"\">\n<div class=\"py-flex py-gap\" style=\"--py-gap-value:var(--py-content-gap)\">\n<h3 class=\"py-text\" style=\"--py-text-color:white\">Co-cr\u00e9er<\/h3>\n\n\n\n<p class=\"py-text\" style=\"--py-text-color:white;--py-font-size:1.4rem\">Construire de meilleures ressources, processus et r\u00e9sultats en travaillant ensemble avec l'exp\u00e9rience v\u00e9cue et l'expertise.<\/p>\n<\/div>\n<\/div> <\/div>\n<\/div>\n<\/div>\n<\/section>\n\n\n\n<section class=\"py-flex py-gap py-section py-background-color-8\" style=\"--py-gap-value:var(--py-section-gap)\">\n<div class=\"py-container py-flex py-gap\" style=\"--py-gap-value:var(--py-container-gap) * 2\">\n<div class=\"py-flex py-gap\" style=\"--py-gap-value:var(--py-content-gap);--py-align-items:center\">\n<h2 class=\"py-text  fade-up\" style=\"--py-text-align:center\">Ce que vous trouverez ici<\/h2>\n\n\n\n<p class=\"py-text  fade-up\" style=\"--py-text-align:center;--py-max-width:768px\">Outils et espaces con\u00e7us pour renforcer le parcours d'int\u00e9gration.<\/p>\n<\/div>\n\n\n\n<div data-pg-name=\"Piney Grid\" class=\"py-gap py-grid py-grid-tab-m py-grid-tab-l\" style=\"--py-gap-value:24px;--py-grid-columns-tab-l:2\">\n<a class=\"wp-block-piney-py-link-card fade-up py-card py-link-card\" href=\"https:\/\/bridge2gether.ca\/fr\/questions-reponses\/\" style=\"background-color:white\"><div class=\"py-card__icon-wrapper\" style=\"width:56px;height:56px\"> <svg xmlns=\"http:\/\/www.w3.org\/2000\/svg\" style=\"width:28px;height:28px\" width=\"24\" height=\"24\" viewbox=\"0 0 24 24\" fill=\"none\" stroke=\"currentColor\" stroke-width=\"2\" stroke-linecap=\"round\" stroke-linejoin=\"round\" class=\"py-card__icon\" aria-hidden=\"true\"><path xmlns=\"http:\/\/www.w3.org\/2000\/svg\" d=\"M2.992 16.342a2 2 0 0 1 .094 1.167l-1.065 3.29a1 1 0 0 0 1.236 1.168l3.413-.998a2 2 0 0 1 1.099.092 10 10 0 1 0-4.777-4.719\"\/><path xmlns=\"http:\/\/www.w3.org\/2000\/svg\" d=\"M9.09 9a3 3 0 0 1 5.83 1c0 2-3 3-3 3\"\/><path xmlns=\"http:\/\/www.w3.org\/2000\/svg\" d=\"M12 17h.01\"\/><\/svg> <\/div><div data-empty-placeholder=\"\">\n<div class=\"py-flex py-gap\" style=\"--py-gap-value:1rem\">\n<h3 class=\"py-text\" style=\"--py-font-size:2rem\">Posez des questions et partagez vos exp\u00e9riences<\/h3>\n\n\n\n<p class=\"py-text\" style=\"--py-font-size:1.4rem\">Connectez-vous avec des professionnels de l'\u00e9tablissement, des sponsors et de nouveaux arrivants dans notre espace de questions-r\u00e9ponses.<\/p>\n<\/div>\n<\/div><span class=\"py-link-card__link-text\" style=\"display:none\"><span class=\"py-link-card__link-text-txt\">En savoir plus<\/span><svg xmlns=\"http:\/\/www.w3.org\/2000\/svg\" width=\"24\" height=\"24\" viewbox=\"0 0 24 24\" fill=\"none\" stroke=\"currentColor\" stroke-width=\"2\" stroke-linecap=\"round\" stroke-linejoin=\"round\" class=\"py-link-card__link-text-icon\" aria-hidden=\"true\"> <path d=\"M5 12h14\"><\/path> <path d=\"m12 5 7 7-7 7\"><\/path> <\/svg><\/span><\/a>\n\n\n\n<a class=\"wp-block-piney-py-link-card fade-up py-card py-link-card\" href=\"https:\/\/bridge2gether.ca\/fr\/resource-centre\/list\/\" style=\"background-color:white\"><div class=\"py-card__icon-wrapper\" style=\"background-color:hsl(var(--py-bc-4-hs),var(--py-bc-4-l),0.2);width:56px;height:56px\"> <svg xmlns=\"http:\/\/www.w3.org\/2000\/svg\" style=\"color:var(--py-brand-color-1);width:28px;height:28px\" width=\"24\" height=\"24\" viewbox=\"0 0 24 24\" fill=\"none\" stroke=\"currentColor\" stroke-width=\"2\" stroke-linecap=\"round\" stroke-linejoin=\"round\" class=\"py-card__icon\" aria-hidden=\"true\"><path xmlns=\"http:\/\/www.w3.org\/2000\/svg\" d=\"m6 14 1.5-2.9A2 2 0 0 1 9.24 10H20a2 2 0 0 1 1.94 2.5l-1.54 6a2 2 0 0 1-1.95 1.5H4a2 2 0 0 1-2-2V5a2 2 0 0 1 2-2h3.9a2 2 0 0 1 1.69.9l.81 1.2a2 2 0 0 0 1.67.9H18a2 2 0 0 1 2 2v2\"\/><\/svg> <\/div><div data-empty-placeholder=\"\">\n<div class=\"py-flex py-gap\" style=\"--py-gap-value:1rem\">\n<h3 class=\"py-text\" style=\"--py-font-size:2rem\">Ressources curat\u00e9es<\/h3>\n\n\n\n<p class=\"py-text\" style=\"--py-font-size:1.4rem\">Acc\u00e9dez \u00e0 des guides, des outils et des meilleures pratiques pour le parrainage priv\u00e9 de r\u00e9fugi\u00e9s.<\/p>\n<\/div>\n<\/div><span class=\"py-link-card__link-text\" style=\"display:none\"><span class=\"py-link-card__link-text-txt\">En savoir plus<\/span><svg xmlns=\"http:\/\/www.w3.org\/2000\/svg\" width=\"24\" height=\"24\" viewbox=\"0 0 24 24\" fill=\"none\" stroke=\"currentColor\" stroke-width=\"2\" stroke-linecap=\"round\" stroke-linejoin=\"round\" class=\"py-link-card__link-text-icon\" aria-hidden=\"true\"> <path d=\"M5 12h14\"><\/path> <path d=\"m12 5 7 7-7 7\"><\/path> <\/svg><\/span><\/a>\n\n\n\n<a class=\"wp-block-piney-py-link-card fade-up py-card py-link-card\" href=\"https:\/\/bridge2gether.ca\/fr\/contact\/\" style=\"background-color:white\"><div class=\"py-card__icon-wrapper\" style=\"background-color:hsl(var(--py-bc-7-hs),var(--py-bc-7-l),0.1);width:56px;height:56px\"> <svg xmlns=\"http:\/\/www.w3.org\/2000\/svg\" style=\"color:var(--py-brand-color-7);width:28px;height:28px\" width=\"24\" height=\"24\" viewbox=\"0 0 24 24\" fill=\"none\" stroke=\"currentColor\" stroke-width=\"2\" stroke-linecap=\"round\" stroke-linejoin=\"round\" class=\"py-card__icon\" aria-hidden=\"true\"><path xmlns=\"http:\/\/www.w3.org\/2000\/svg\" d=\"M11 12h2a2 2 0 1 0 0-4h-3c-.6 0-1.1.2-1.4.6L3 14\"\/><path xmlns=\"http:\/\/www.w3.org\/2000\/svg\" d=\"m7 18 1.6-1.4c.3-.4.8-.6 1.4-.6h4c1.1 0 2.1-.4 2.8-1.2l4.6-4.4a2 2 0 0 0-2.75-2.91l-4.2 3.9\"\/><path xmlns=\"http:\/\/www.w3.org\/2000\/svg\" d=\"m2 13 6 6\"\/><\/svg> <\/div><div data-empty-placeholder=\"\">\n<div class=\"py-flex py-gap\" style=\"--py-gap-value:1rem\">\n<h3 class=\"py-text\" style=\"--py-font-size:2rem\">Participer<\/h3>\n\n\n\n<p class=\"py-text\" style=\"--py-font-size:1.4rem\">Rejoignez notre Comit\u00e9 consultatif ou notre Groupe de mobilisation et contribuez \u00e0 fa\u00e7onner de meilleurs r\u00e9sultats en mati\u00e8re d'\u00e9tablissement.<\/p>\n<\/div>\n<\/div><span class=\"py-link-card__link-text\" style=\"display:none\"><span class=\"py-link-card__link-text-txt\">En savoir plus<\/span><svg xmlns=\"http:\/\/www.w3.org\/2000\/svg\" width=\"24\" height=\"24\" viewbox=\"0 0 24 24\" fill=\"none\" stroke=\"currentColor\" stroke-width=\"2\" stroke-linecap=\"round\" stroke-linejoin=\"round\" class=\"py-link-card__link-text-icon\" aria-hidden=\"true\"> <path d=\"M5 12h14\"><\/path> <path d=\"m12 5 7 7-7 7\"><\/path> <\/svg><\/span><\/a>\n<\/div>\n<\/div>\n<\/section>\n\n\n\n<section class=\"py-flex py-gap py-section\" style=\"--py-gap-value:var(--py-section-gap)\">\n<div class=\"py-container py-flex py-gap\" style=\"--py-gap-value:var(--py-container-gap) * 2\">\n<div class=\"py-flex py-gap    fade-up\" style=\"--py-gap-value:var(--py-content-gap);--py-align-items:center\">\n<h2 class=\"py-text  fade-up\" style=\"--py-text-align:center\">Agences participantes<\/h2>\n<\/div>\n\n\n<div style=\"--py-grid-template-columns:;--py-grid-columns:;--py-grid-min:;--py-grid-columns-tab-m:;--py-grid-min-tab-m:;--py-grid-columns-tab-l:;--py-grid-columns-desktop:;\" class=\"py-pa-grid\">\n                                            <div id=\"post-5263\" class=\"fade-up py-pa-grid__item post-5263 participating-agency type-participating-agency status-publish hentry pa-category-lead-agency\">\n                                <div class=\"py-flex py-gap\" style=\"--py-gap-value: 0.8rem; --py-align-items: center;\">\n                    <h2 class=\"py-pa-grid__item-heading\">Services Catholiques Interculturels (SCI)<\/h2><span class=\"py-pa-grid__item-cat\"><p>Agence chef de file<\/p><\/span>\n                <\/div>\n            <\/div>\n                                <div id=\"post-6414\" class=\"fade-up py-pa-grid__item post-6414 participating-agency type-participating-agency status-publish hentry pa-category-partner-agency\">\n                                <div class=\"py-flex py-gap\" style=\"--py-gap-value: 0.8rem; --py-align-items: center;\">\n                    <h2 class=\"py-pa-grid__item-heading\">Centre des services aux immigrants et \u00e0 la communaut\u00e9 (CICS)<\/h2><span class=\"py-pa-grid__item-cat\"><p>Agence partenaire<\/p><\/span>\n                <\/div>\n            <\/div>\n                                <div id=\"post-6422\" class=\"fade-up py-pa-grid__item post-6422 participating-agency type-participating-agency status-publish hentry pa-category-partner-agency\">\n                                <div class=\"py-flex py-gap\" style=\"--py-gap-value: 0.8rem; --py-align-items: center;\">\n                    <h2 class=\"py-pa-grid__item-heading\">Maison Communautaire de North York (NYCH)<\/h2><span class=\"py-pa-grid__item-cat\"><p>Agence partenaire<\/p><\/span>\n                <\/div>\n            <\/div>\n                    <\/div>\n\n\n<p class=\"py-text  fade-up\" style=\"--py-font-size:1.4rem;--py-text-align:center\"><a href=\"https:\/\/bridge2gether.ca\/fr\/a-propos\/agences-participantes\/\" data-type=\"page\" data-id=\"5326\">Voir toutes les agences participantes<\/a><\/p>\n<\/div>\n<\/section>\n\n\n\n<section class=\"py-flex py-gap py-section py-background-color-8\" style=\"--py-gap-value:var(--py-section-gap)\">\n<div class=\"py-container py-flex py-gap\" style=\"--py-gap-value:var(--py-container-gap);--py-container-width:650px\">\n<div class=\"py-flex py-gap\" style=\"--py-gap-value:var(--py-content-gap) * 2;--py-align-items:center\">\n<div class=\"py-flex py-gap\" style=\"--py-gap-value:var(--py-content-gap)\">\n<h2 class=\"py-text  fade-up\" style=\"--py-text-align:center\">Pr\u00eat \u00e0 renforcer le parcours d'installation ensemble ?<\/h2>\n\n\n\n<p class=\"py-text  fade-up\" style=\"--py-font-size:1.6rem;--py-text-align:center;--py-max-width:560px\">Que vous soyez un sponsor, un fournisseur de services d'\u00e9tablissement ou un nouveau venu, nous aimerions avoir de vos nouvelles.<\/p>\n<\/div>\n\n\n\n<a href=\"https:\/\/bridge2gether.ca\/fr\/contact\/\" class=\"wp-block-piney-py-button btn btn--second fade-up\" target=\"_self\" rel=\"noopener\">Contactez-nous ou inscrivez-vous \u00e0 notre liste de diffusion<\/a>\n<\/div>\n<\/div>\n<\/section>","protected":false},"excerpt":{"rendered":"","protected":false},"author":5,"featured_media":0,"parent":0,"menu_order":0,"comment_status":"closed","ping_status":"closed","template":"","meta":{"_seopress_robots_primary_cat":"","_seopress_titles_title":"","_seopress_titles_desc":"","_seopress_robots_index":"","footnotes":""},"class_list":["post-2","page","type-page","status-publish","hentry"],"pp_statuses_selecting_workflow":false,"pp_workflow_action":"current","pp_status_selection":"publish","meta_box":[],"_links":{"self":[{"href":"https:\/\/bridge2gether.ca\/fr\/wp-json\/wp\/v2\/pages\/2","targetHints":{"allow":["GET"]}}],"collection":[{"href":"https:\/\/bridge2gether.ca\/fr\/wp-json\/wp\/v2\/pages"}],"about":[{"href":"https:\/\/bridge2gether.ca\/fr\/wp-json\/wp\/v2\/types\/page"}],"author":[{"embeddable":true,"href":"https:\/\/bridge2gether.ca\/fr\/wp-json\/wp\/v2\/users\/5"}],"replies":[{"embeddable":true,"href":"https:\/\/bridge2gether.ca\/fr\/wp-json\/wp\/v2\/comments?post=2"}],"version-history":[{"count":329,"href":"https:\/\/bridge2gether.ca\/fr\/wp-json\/wp\/v2\/pages\/2\/revisions"}],"predecessor-version":[{"id":6448,"href":"https:\/\/bridge2gether.ca\/fr\/wp-json\/wp\/v2\/pages\/2\/revisions\/6448"}],"wp:attachment":[{"href":"https:\/\/bridge2gether.ca\/fr\/wp-json\/wp\/v2\/media?parent=2"}],"curies":[{"name":"wp","href":"https:\/\/api.w.org\/{rel}","templated":true}]}}